{"id":15001,"date":"2025-05-24T12:09:53","date_gmt":"2025-05-24T12:09:53","guid":{"rendered":"https:\/\/themes.pixelwars.org\/elementor-test\/qi\/?page_id=15001"},"modified":"2026-04-09T13:44:51","modified_gmt":"2026-04-09T13:44:51","slug":"sectors","status":"publish","type":"page","link":"http:\/\/gecam.co.ma\/fr\/sectors\/","title":{"rendered":"Secteurs"},"content":{"rendered":"<div data-elementor-type=\"wp-page\" data-elementor-id=\"15001\" class=\"elementor elementor-15001\">\n\t\t\t\t<div class=\"elementor-element elementor-element-09c7500 e-flex e-con-boxed e-con e-parent\" data-id=\"09c7500\" data-element_type=\"container\" data-e-type=\"container\" data-settings=\"{&quot;background_background&quot;:&quot;classic&quot;}\">\n\t\t\t\t\t<div class=\"e-con-inner\">\n\t\t<div class=\"elementor-element elementor-element-2548197 e-con-full e-flex e-con e-child\" data-id=\"2548197\" data-element_type=\"container\" data-e-type=\"container\">\n\t\t\t\t<div class=\"elementor-element elementor-element-9d70876 elementor-widget elementor-widget-qi_addons_for_elementor_section_title\" data-id=\"9d70876\" data-element_type=\"widget\" data-e-type=\"widget\" data-widget_type=\"qi_addons_for_elementor_section_title.default\">\n\t\t\t\t<div class=\"elementor-widget-container\">\n\t\t\t\t\t<div class=\"qodef-shortcode qodef-m qodef-qi-section-title qodef-decoration--italic qodef-link--underline-draw qodef-subtitle-icon--left\">\n\t\t\t\t<h5 class=\"qodef-m-subtitle\">\n\t\tConstruit solidement. Construit correctement.\t\t\t<div class=\"qodef-m-icon-holder\">\n\t\t<svg xmlns=\"http:\/\/www.w3.org\/2000\/svg\" height=\"24\" viewbox=\"0 0 24 24\" width=\"24\"><path d=\"M12 2C6.486 2 2 6.486 2 12s4.486 10 10 10 10-4.486 10-10S17.514 2 12 2z\"><\/path><\/svg>\t<\/div>\n\t<\/h5>\n\t\t\t\t\t<\/div>\n\t\t\t\t<\/div>\n\t\t\t\t<\/div>\n\t\t\t\t<div class=\"elementor-element elementor-element-3104971 elementor-invisible elementor-widget elementor-widget-qi_addons_for_elementor_animated_text\" data-id=\"3104971\" data-element_type=\"widget\" data-e-type=\"widget\" data-settings=\"{&quot;_animation&quot;:&quot;fadeIn&quot;}\" data-widget_type=\"qi_addons_for_elementor_animated_text.default\">\n\t\t\t\t<div class=\"elementor-widget-container\">\n\t\t\t\t\t<div class=\"qodef-shortcode qodef-m qodef-qi-animated-text qodef--animated-by-letter qodef--alignment-left qodef-qi--has-appear qodef--appear-fade\" >\n\t\t<h1 class=\"qodef-m-title\">\n\t\t<span class=\"qodef-e-word-holder\">Secteurs<\/span>\t<\/h1>\n<\/div>\n\t\t\t\t<\/div>\n\t\t\t\t<\/div>\n\t\t\t\t<\/div>\n\t\t<div class=\"elementor-element elementor-element-b490483 e-con-full e-flex e-con e-child\" data-id=\"b490483\" data-element_type=\"container\" data-e-type=\"container\">\n\t\t\t\t<div class=\"elementor-element elementor-element-d903beb animated-slow elementor-invisible elementor-widget elementor-widget-heading\" data-id=\"d903beb\" data-element_type=\"widget\" data-e-type=\"widget\" data-settings=\"{&quot;_animation&quot;:&quot;fadeIn&quot;}\" data-widget_type=\"heading.default\">\n\t\t\t\t\t<p class=\"elementor-heading-title elementor-size-default\">Nos secteurs d'activit\u00e9<\/p>\t\t\t\t<\/div>\n\t\t\t\t<\/div>\n\t\t\t\t\t<\/div>\n\t\t\t\t<\/div>\n\t\t<div class=\"elementor-element elementor-element-73d9ca9 e-flex e-con-boxed e-con e-parent\" data-id=\"73d9ca9\" data-element_type=\"container\" data-e-type=\"container\">\n\t\t\t\t\t<div class=\"e-con-inner\">\n\t\t\t\t<div class=\"elementor-element elementor-element-29f6b47 elementor-widget elementor-widget-qi_addons_for_elementor_section_title\" data-id=\"29f6b47\" data-element_type=\"widget\" data-e-type=\"widget\" data-widget_type=\"qi_addons_for_elementor_section_title.default\">\n\t\t\t\t<div class=\"elementor-widget-container\">\n\t\t\t\t\t<div class=\"qodef-shortcode qodef-m qodef-qi-section-title qodef-decoration--italic qodef-link--underline-draw qodef-subtitle-icon--left\">\n\t\t\t\t<h5 class=\"qodef-m-subtitle\">\n\t\tSecteurs\t\t\t<div class=\"qodef-m-icon-holder\">\n\t\t<svg xmlns=\"http:\/\/www.w3.org\/2000\/svg\" height=\"24\" viewbox=\"0 0 24 24\" width=\"24\"><path d=\"M12 2C6.486 2 2 6.486 2 12s4.486 10 10 10 10-4.486 10-10S17.514 2 12 2z\"><\/path><\/svg>\t<\/div>\n\t<\/h5>\n\t\t\t\t\t<\/div>\n\t\t\t\t<\/div>\n\t\t\t\t<\/div>\n\t\t\t\t<div class=\"elementor-element elementor-element-744bb53 elementor-widget elementor-widget-qi_addons_for_elementor_section_title\" data-id=\"744bb53\" data-element_type=\"widget\" data-e-type=\"widget\" data-widget_type=\"qi_addons_for_elementor_section_title.default\">\n\t\t\t\t<div class=\"elementor-widget-container\">\n\t\t\t\t\t<div class=\"qodef-shortcode qodef-m qodef-qi-section-title qodef-decoration--italic qodef-link--underline-draw qodef-subtitle-icon--left\">\n\t\t\t\t\t\t<h2 class=\"qodef-m-title\">\n\t\tDans quels secteurs travaillons-nous ?\t<\/h2>\n\t\t\t<\/div>\n\t\t\t\t<\/div>\n\t\t\t\t<\/div>\n\t\t\t\t\t<\/div>\n\t\t\t\t<\/div>\n\t\t<div class=\"elementor-element elementor-element-2ca7735 e-flex e-con-boxed e-con e-parent\" data-id=\"2ca7735\" data-element_type=\"container\" data-e-type=\"container\">\n\t\t\t\t\t<div class=\"e-con-inner\">\n\t\t\t\t<div class=\"elementor-element elementor-element-febac0f elementor-widget elementor-widget-shortcode\" data-id=\"febac0f\" data-element_type=\"widget\" data-e-type=\"widget\" data-widget_type=\"shortcode.default\">\n\t\t\t\t\t\t\t<div class=\"elementor-shortcode\"><section id=\"sectors\"><div class=\"p-2 d-flex align-items-start\"><ul class=\"nav nav-pills flex-column border-end border-3  align-items-end\" id=\"pills-tab\" role=\"tablist\">\n        <li class=\"nav-item w-100 px-1 pb-sm-1\" role=\"presentation\">\n            <button style=\"text-align:left;text-overflow:ellipsis;text-wrap-mode:nowrap;width:inherit;\" class=\"nav-link fw-semibold position-relative border active\" \n                    id=\"sector-0-tab\" \n                    data-bs-toggle=\"pill\" \n                    data-bs-target=\"#sector-0\" \n                    type=\"button\" \n                    role=\"tab\" \n                    aria-controls=\"sector-0\" \n                    aria-selected=\"true\">\n                Secteur automobile et des transports\n            <\/button>\n        <\/li>\n        <li class=\"nav-item w-100 px-1 pb-sm-1\" role=\"presentation\">\n            <button style=\"text-align:left;text-overflow:ellipsis;text-wrap-mode:nowrap;width:inherit;\" class=\"nav-link fw-semibold position-relative border\" \n                    id=\"sector-1-tab\" \n                    data-bs-toggle=\"pill\" \n                    data-bs-target=\"#sector-1\" \n                    type=\"button\" \n                    role=\"tab\" \n                    aria-controls=\"sector-1\" \n                    aria-selected=\"false\">\n                \u00c9quipement hospitalier et v\u00e9t\u00e9rinaire\n            <\/button>\n        <\/li>\n        <li class=\"nav-item w-100 px-1 pb-sm-1\" role=\"presentation\">\n            <button style=\"text-align:left;text-overflow:ellipsis;text-wrap-mode:nowrap;width:inherit;\" class=\"nav-link fw-semibold position-relative border\" \n                    id=\"sector-2-tab\" \n                    data-bs-toggle=\"pill\" \n                    data-bs-target=\"#sector-2\" \n                    type=\"button\" \n                    role=\"tab\" \n                    aria-controls=\"sector-2\" \n                    aria-selected=\"false\">\n                Alimentation et agriculture\n            <\/button>\n        <\/li>\n        <li class=\"nav-item w-100 px-1 pb-sm-1\" role=\"presentation\">\n            <button style=\"text-align:left;text-overflow:ellipsis;text-wrap-mode:nowrap;width:inherit;\" class=\"nav-link fw-semibold position-relative border\" \n                    id=\"sector-3-tab\" \n                    data-bs-toggle=\"pill\" \n                    data-bs-target=\"#sector-3\" \n                    type=\"button\" \n                    role=\"tab\" \n                    aria-controls=\"sector-3\" \n                    aria-selected=\"false\">\n                Phosphate et industrie\n            <\/button>\n        <\/li>\n        <li class=\"nav-item w-100 px-1 pb-sm-1\" role=\"presentation\">\n            <button style=\"text-align:left;text-overflow:ellipsis;text-wrap-mode:nowrap;width:inherit;\" class=\"nav-link fw-semibold position-relative border\" \n                    id=\"sector-4-tab\" \n                    data-bs-toggle=\"pill\" \n                    data-bs-target=\"#sector-4\" \n                    type=\"button\" \n                    role=\"tab\" \n                    aria-controls=\"sector-4\" \n                    aria-selected=\"false\">\n                Appareils \u00e9lectrom\u00e9nagers et \u00e9lectroniques\n            <\/button>\n        <\/li>\n        <li class=\"nav-item w-100 px-1 pb-sm-1\" role=\"presentation\">\n            <button style=\"text-align:left;text-overflow:ellipsis;text-wrap-mode:nowrap;width:inherit;\" class=\"nav-link fw-semibold position-relative border\" \n                    id=\"sector-5-tab\" \n                    data-bs-toggle=\"pill\" \n                    data-bs-target=\"#sector-5\" \n                    type=\"button\" \n                    role=\"tab\" \n                    aria-controls=\"sector-5\" \n                    aria-selected=\"false\">\n                Sous-traitance\n            <\/button>\n        <\/li><\/ul><div class=\"tab-content p-3 w-100\" id=\"pills-tabContent\" >\n        <div class=\"tab-pane fade show active\" id=\"sector-0\" role=\"tabpanel\" aria-labelledby=\"sector-0-tab\">\n            <h2 class=\"title_underscore\">Secteur automobile et des transports<\/h2>\n            <p class=\"text-muted\"><p>Notre approche du march\u00e9 repose sur une connaissance approfondie de fonctions telles que le transfert de fluides, l'\u00e9tanch\u00e9it\u00e9 et l'acoustique. Elle nous permet de nous adapter rapidement aux \u00e9volutions du march\u00e9. GECAM sait vous proposer des solutions fonctionnelles adapt\u00e9es \u00e0 vos applications.<\/p><p>L'exp\u00e9rience de GECAM dans le secteur automobile nous permet d'acqu\u00e9rir les comp\u00e9tences n\u00e9cessaires pour \u00e9tablir des relations constructives avec les constructeurs et les \u00e9quipementiers.<\/p><\/p>\n        <\/div>\n        <div class=\"tab-pane fade\" id=\"sector-1\" role=\"tabpanel\" aria-labelledby=\"sector-1-tab\">\n            <h2 class=\"title_underscore\">\u00c9quipement hospitalier et v\u00e9t\u00e9rinaire<\/h2>\n            <p class=\"text-muted\"><p>Face \u00e0 la concurrence croissante des produits hospitaliers provenant de pays \u00e0 bas co\u00fbts, GECAM est le garant d'un savoir-faire \u00e9prouv\u00e9.<\/p><p>Notre longue exp\u00e9rience nous permet de proposer un catalogue de produits 100% \u00ab Made in Morocco \u00bb, conformes aux normes sanitaires du monde hospitalier.<\/p><p>Nous mettons \u00e9galement cette expertise au service du secteur v\u00e9t\u00e9rinaire : nous d\u00e9veloppons et produisons des applications et des produits de qualit\u00e9 sp\u00e9cifiquement destin\u00e9s \u00e0 cette activit\u00e9.<\/p><\/p>\n        <\/div>\n        <div class=\"tab-pane fade\" id=\"sector-2\" role=\"tabpanel\" aria-labelledby=\"sector-2-tab\">\n            <h2 class=\"title_underscore\">Alimentation et agriculture<\/h2>\n            <p class=\"text-muted\"><p>Le march\u00e9 de l'alimentation et de l'agriculture est en pleine mutation. Il est notamment confront\u00e9 \u00e0 l'\u00e9volution des probl\u00e9matiques li\u00e9es aux enjeux du d\u00e9veloppement durable\u00a0: utilisation de mat\u00e9riaux recycl\u00e9s, recyclabilit\u00e9 des produits, biocompatibilit\u00e9, utilisation de produits naturels\u2026<\/p><p>Dans cette optique, GECAM fabrique des produits qui lui permettent de remplir des fonctions adapt\u00e9es aux contraintes alimentaires et de biocompatibilit\u00e9 propres \u00e0 l'industrie agroalimentaire.<\/p><p>Les contraintes li\u00e9es \u00e0 la raret\u00e9 des ressources naturelles ont permis \u00e0 Gecam de trouver des opportunit\u00e9s pour ses mat\u00e9riaux recycl\u00e9s.<\/p><p>GECAM participe \u00e9galement au recyclage des d\u00e9chets recycl\u00e9s, notamment \u00e0 travers certaines applications pour les collectivit\u00e9s.<\/p><\/p>\n        <\/div>\n        <div class=\"tab-pane fade\" id=\"sector-3\" role=\"tabpanel\" aria-labelledby=\"sector-3-tab\">\n            <h2 class=\"title_underscore\">Phosphate et industrie<\/h2>\n            <p class=\"text-muted\"><p>La protection des personnes expos\u00e9es \u00e0 des conditions extr\u00eames dans le cadre de leurs activit\u00e9s exige une v\u00e9ritable expertise. GECAM poss\u00e8de le savoir-faire n\u00e9cessaire pour fabriquer des produits d\u00e9di\u00e9s aux usines de phosphate.<\/p><p>Qu\u2019il s\u2019agisse de solutions \u00e9prouv\u00e9es ou du d\u00e9veloppement de mat\u00e9riaux innovants, nos \u00e9quipes sont engag\u00e9es en faveur de la qualit\u00e9 et de la s\u00e9curit\u00e9.<\/p><\/p>\n        <\/div>\n        <div class=\"tab-pane fade\" id=\"sector-4\" role=\"tabpanel\" aria-labelledby=\"sector-4-tab\">\n            <h2 class=\"title_underscore\">Appareils \u00e9lectrom\u00e9nagers et \u00e9lectroniques<\/h2>\n            <p class=\"text-muted\"><p>En mettant sa r\u00e9activit\u00e9 et son exp\u00e9rience au service de cet objectif, Gecam contribue \u00e0 cette d\u00e9marche.<\/p><p>Nos \u00e9quipes int\u00e8grent en interne les processus (finition, assemblage\u2026), ce qui permet des gains d\u2019efficacit\u00e9 et, par cons\u00e9quent, une ma\u00eetrise des co\u00fbts. Leur savoir-faire s\u2019\u00e9tend \u00e0 la cr\u00e9ation de sous-ensembles comprenant des pi\u00e8ces provenant du monde entier, et notamment \u00e0 la gestion logistique internationale que cela implique.<\/p><\/p>\n        <\/div>\n        <div class=\"tab-pane fade\" id=\"sector-5\" role=\"tabpanel\" aria-labelledby=\"sector-5-tab\">\n            <h2 class=\"title_underscore\">Sous-traitance<\/h2>\n            <p class=\"text-muted\"><p>GECAM est toujours ouverte \u00e0 de nouveaux partenariats. Compte tenu de nos co\u00fbts de production relativement bas, nous proposons aux entreprises du secteur de la transformation des polym\u00e8res des opportunit\u00e9s de collaboration ax\u00e9es sur le transfert d'outillage et la d\u00e9localisation de la production.<\/p><p>Sp\u00e9cialistes des sujets que nous traitons, dans toute leur diversit\u00e9, nous savons appr\u00e9hender avec efficacit\u00e9 et pertinence toute sp\u00e9cification.<\/p><\/p>\n        <\/div><\/div><\/div><\/section><\/div>\n\t\t\t\t\t\t<\/div>\n\t\t\t\t\t<\/div>\n\t\t\t\t<\/div>\n\t\t<div class=\"elementor-element elementor-element-d673b4f e-flex e-con-boxed e-con e-parent\" data-id=\"d673b4f\" data-element_type=\"container\" data-e-type=\"container\" data-settings=\"{&quot;background_background&quot;:&quot;classic&quot;}\">\n\t\t\t\t\t<div class=\"e-con-inner\">\n\t\t<div class=\"elementor-element elementor-element-1d8e307 e-con-full e-flex e-con e-child\" data-id=\"1d8e307\" data-element_type=\"container\" data-e-type=\"container\">\n\t\t<div class=\"elementor-element elementor-element-4dbc2d0 e-con-full e-flex e-con e-child\" data-id=\"4dbc2d0\" data-element_type=\"container\" data-e-type=\"container\">\n\t\t\t\t<div class=\"elementor-element elementor-element-11b95a8 animated-slow elementor-invisible elementor-widget elementor-widget-heading\" data-id=\"11b95a8\" data-element_type=\"widget\" data-e-type=\"widget\" data-settings=\"{&quot;_animation&quot;:&quot;fadeIn&quot;}\" data-widget_type=\"heading.default\">\n\t\t\t\t\t<p class=\"elementor-heading-title elementor-size-default\">GECAM SARL<\/p>\t\t\t\t<\/div>\n\t\t\t\t<div class=\"elementor-element elementor-element-d840730 animated-slow elementor-invisible elementor-widget elementor-widget-heading\" data-id=\"d840730\" data-element_type=\"widget\" data-e-type=\"widget\" data-settings=\"{&quot;_animation&quot;:&quot;fadeIn&quot;}\" data-widget_type=\"heading.default\">\n\t\t\t\t\t<p class=\"elementor-heading-title elementor-size-default\">GECAM est une entreprise manufacturi\u00e8re mondiale diversifi\u00e9e qui allie technologie et ing\u00e9nierie.\n\nSa mission est de fournir des produits polym\u00e8res de la plus haute qualit\u00e9 et d'entretenir des relations durables avec ses clients.<\/p>\t\t\t\t<\/div>\n\t\t\t\t<\/div>\n\t\t<div class=\"elementor-element elementor-element-c58cd61 e-con-full e-flex e-con e-child\" data-id=\"c58cd61\" data-element_type=\"container\" data-e-type=\"container\">\n\t\t\t\t<div class=\"elementor-element elementor-element-9911310 animated-slow elementor-invisible elementor-widget elementor-widget-heading\" data-id=\"9911310\" data-element_type=\"widget\" data-e-type=\"widget\" data-settings=\"{&quot;_animation&quot;:&quot;fadeIn&quot;}\" data-widget_type=\"heading.default\">\n\t\t\t\t\t<p class=\"elementor-heading-title elementor-size-default\">Bureaux principaux<\/p>\t\t\t\t<\/div>\n\t\t\t\t<div class=\"elementor-element elementor-element-0576b0b animated-slow elementor-invisible elementor-widget elementor-widget-heading\" data-id=\"0576b0b\" data-element_type=\"widget\" data-e-type=\"widget\" data-settings=\"{&quot;_animation&quot;:&quot;fadeIn&quot;}\" data-widget_type=\"heading.default\">\n\t\t\t\t\t<p class=\"elementor-heading-title elementor-size-default\">Adresse N1 : Zone industrielle, Berrachid, Maroc, 50000<\/p>\t\t\t\t<\/div>\n\t\t\t\t<div class=\"elementor-element elementor-element-cba1d8a animated-slow elementor-invisible elementor-widget elementor-widget-heading\" data-id=\"cba1d8a\" data-element_type=\"widget\" data-e-type=\"widget\" data-settings=\"{&quot;_animation&quot;:&quot;fadeIn&quot;}\" data-widget_type=\"heading.default\">\n\t\t\t\t\t<p class=\"elementor-heading-title elementor-size-default\">Adresse N2 : Tassila, Agadir, Maroc, 80000<\/p>\t\t\t\t<\/div>\n\t\t\t\t<div class=\"elementor-element elementor-element-36aa8bf animated-slow elementor-invisible elementor-widget elementor-widget-heading\" data-id=\"36aa8bf\" data-element_type=\"widget\" data-e-type=\"widget\" data-settings=\"{&quot;_animation&quot;:&quot;fadeIn&quot;}\" data-widget_type=\"heading.default\">\n\t\t\t\t\t<p class=\"elementor-heading-title elementor-size-default\"><a href=\"tel:+2126600000009\">T\u00e9l\u00e9phone : (212) 600000009<\/a><\/p>\t\t\t\t<\/div>\n\t\t\t\t<div class=\"elementor-element elementor-element-89861ae animated-slow elementor-invisible elementor-widget elementor-widget-heading\" data-id=\"89861ae\" data-element_type=\"widget\" data-e-type=\"widget\" data-settings=\"{&quot;_animation&quot;:&quot;fadeIn&quot;}\" data-widget_type=\"heading.default\">\n\t\t\t\t\t<p class=\"elementor-heading-title elementor-size-default\"><a href=\"#\">Courriel : info@gecam.ma<\/a><\/p>\t\t\t\t<\/div>\n\t\t\t\t<\/div>\n\t\t<div class=\"elementor-element elementor-element-3e77d50 e-con-full e-flex e-con e-child\" data-id=\"3e77d50\" data-element_type=\"container\" data-e-type=\"container\">\n\t\t\t\t<div class=\"elementor-element elementor-element-3e53051 animated-slow elementor-invisible elementor-widget elementor-widget-heading\" data-id=\"3e53051\" data-element_type=\"widget\" data-e-type=\"widget\" data-settings=\"{&quot;_animation&quot;:&quot;fadeIn&quot;}\" data-widget_type=\"heading.default\">\n\t\t\t\t\t<p class=\"elementor-heading-title elementor-size-default\">Liens Utiles<\/p>\t\t\t\t<\/div>\n\t\t\t\t<div class=\"elementor-element elementor-element-869ab90 animated-slow elementor-invisible elementor-widget elementor-widget-heading\" data-id=\"869ab90\" data-element_type=\"widget\" data-e-type=\"widget\" data-settings=\"{&quot;_animation&quot;:&quot;fadeIn&quot;}\" data-widget_type=\"heading.default\">\n\t\t\t\t\t<p class=\"elementor-heading-title elementor-size-default\"><a href=\"https:\/\/gecam.ma\/services\/\" target=\"_blank\">Services<\/a><\/p>\t\t\t\t<\/div>\n\t\t\t\t<div class=\"elementor-element elementor-element-6f2119a animated-slow elementor-invisible elementor-widget elementor-widget-heading\" data-id=\"6f2119a\" data-element_type=\"widget\" data-e-type=\"widget\" data-settings=\"{&quot;_animation&quot;:&quot;fadeIn&quot;}\" data-widget_type=\"heading.default\">\n\t\t\t\t\t<p class=\"elementor-heading-title elementor-size-default\"><a href=\"https:\/\/gecam.ma\/sectors\/\" target=\"_blank\">Secteurs<\/a><\/p>\t\t\t\t<\/div>\n\t\t\t\t<div class=\"elementor-element elementor-element-aa0d3e8 animated-slow elementor-invisible elementor-widget elementor-widget-heading\" data-id=\"aa0d3e8\" data-element_type=\"widget\" data-e-type=\"widget\" data-settings=\"{&quot;_animation&quot;:&quot;fadeIn&quot;}\" data-widget_type=\"heading.default\">\n\t\t\t\t\t<p class=\"elementor-heading-title elementor-size-default\"><a href=\"https:\/\/gecam.ma\/products\/\" target=\"_blank\">Produits<\/a><\/p>\t\t\t\t<\/div>\n\t\t\t\t<div class=\"elementor-element elementor-element-ef4e145 animated-slow elementor-invisible elementor-widget elementor-widget-heading\" data-id=\"ef4e145\" data-element_type=\"widget\" data-e-type=\"widget\" data-settings=\"{&quot;_animation&quot;:&quot;fadeIn&quot;}\" data-widget_type=\"heading.default\">\n\t\t\t\t\t<p class=\"elementor-heading-title elementor-size-default\"><a href=\"https:\/\/gecam.ma\/contact\/\" target=\"_blank\">Contact<\/a><\/p>\t\t\t\t<\/div>\n\t\t\t\t<\/div>\n\t\t\t\t<\/div>\n\t\t\t\t\t<\/div>\n\t\t\t\t<\/div>\n\t\t\t\t<\/div>","protected":false},"excerpt":{"rendered":"<p>Built Strong. Built Right. Sectors Our sectors of activity Sectors In which sectors do we work? GECAM SARL GECAM is a diversified global manufacturing company that brings technology and engineering together. its mission is to provide the highest-quality polymer products, and maintain long-term relationships with our customers. Main Offices Address N1 : Zone industrielle, Berrachid, Maroc, 50000 Address N2 : Tassila, Agadir, Maroc, 80000 Phone:&#8230; <\/p>\n<p class=\"more\"><a class=\"more-link\" href=\"http:\/\/gecam.co.ma\/fr\/sectors\/\">Lire la suite<\/a><\/p>","protected":false},"author":1,"featured_media":0,"parent":0,"menu_order":0,"comment_status":"closed","ping_status":"closed","template":"elementor_header_footer","meta":{"inline_featured_image":false,"footnotes":""},"class_list":["post-15001","page","type-page","status-publish","hentry","is-cat-link-borders-light is-cat-link-rounded"],"_links":{"self":[{"href":"http:\/\/gecam.co.ma\/fr\/wp-json\/wp\/v2\/pages\/15001","targetHints":{"allow":["GET"]}}],"collection":[{"href":"http:\/\/gecam.co.ma\/fr\/wp-json\/wp\/v2\/pages"}],"about":[{"href":"http:\/\/gecam.co.ma\/fr\/wp-json\/wp\/v2\/types\/page"}],"author":[{"embeddable":true,"href":"http:\/\/gecam.co.ma\/fr\/wp-json\/wp\/v2\/users\/1"}],"replies":[{"embeddable":true,"href":"http:\/\/gecam.co.ma\/fr\/wp-json\/wp\/v2\/comments?post=15001"}],"version-history":[{"count":34,"href":"http:\/\/gecam.co.ma\/fr\/wp-json\/wp\/v2\/pages\/15001\/revisions"}],"predecessor-version":[{"id":20398,"href":"http:\/\/gecam.co.ma\/fr\/wp-json\/wp\/v2\/pages\/15001\/revisions\/20398"}],"wp:attachment":[{"href":"http:\/\/gecam.co.ma\/fr\/wp-json\/wp\/v2\/media?parent=15001"}],"curies":[{"name":"wp","href":"https:\/\/api.w.org\/{rel}","templated":true}]}}