{"id":19963,"date":"2025-10-20T13:53:41","date_gmt":"2025-10-20T13:53:41","guid":{"rendered":"http:\/\/gecam.test\/?page_id=19963"},"modified":"2026-04-09T13:46:55","modified_gmt":"2026-04-09T13:46:55","slug":"blog","status":"publish","type":"page","link":"http:\/\/gecam.co.ma\/fr\/blog\/","title":{"rendered":"Blog"},"content":{"rendered":"<div data-elementor-type=\"wp-page\" data-elementor-id=\"19963\" class=\"elementor elementor-19963\">\n\t\t\t\t<div class=\"elementor-element elementor-element-d1c4665 e-flex e-con-boxed e-con e-parent\" data-id=\"d1c4665\" data-element_type=\"container\" data-e-type=\"container\" data-settings=\"{&quot;background_background&quot;:&quot;classic&quot;}\">\n\t\t\t\t\t<div class=\"e-con-inner\">\n\t\t<div class=\"elementor-element elementor-element-92c92a1 e-con-full e-flex e-con e-child\" data-id=\"92c92a1\" data-element_type=\"container\" data-e-type=\"container\">\n\t\t\t\t<div class=\"elementor-element elementor-element-80efef8 elementor-widget elementor-widget-qi_addons_for_elementor_section_title\" data-id=\"80efef8\" data-element_type=\"widget\" data-e-type=\"widget\" data-widget_type=\"qi_addons_for_elementor_section_title.default\">\n\t\t\t\t<div class=\"elementor-widget-container\">\n\t\t\t\t\t<div class=\"qodef-shortcode qodef-m qodef-qi-section-title qodef-decoration--italic qodef-link--underline-draw qodef-subtitle-icon--left\">\n\t\t\t\t<h5 class=\"qodef-m-subtitle\">\n\t\tConstruit solidement. Construit correctement.\t\t\t<div class=\"qodef-m-icon-holder\">\n\t\t<svg xmlns=\"http:\/\/www.w3.org\/2000\/svg\" height=\"24\" viewbox=\"0 0 24 24\" width=\"24\"><path d=\"M12 2C6.486 2 2 6.486 2 12s4.486 10 10 10 10-4.486 10-10S17.514 2 12 2z\"><\/path><\/svg>\t<\/div>\n\t<\/h5>\n\t\t\t\t\t<\/div>\n\t\t\t\t<\/div>\n\t\t\t\t<\/div>\n\t\t\t\t<div class=\"elementor-element elementor-element-e9aabdf elementor-invisible elementor-widget elementor-widget-qi_addons_for_elementor_animated_text\" data-id=\"e9aabdf\" data-element_type=\"widget\" data-e-type=\"widget\" data-settings=\"{&quot;_animation&quot;:&quot;fadeIn&quot;}\" data-widget_type=\"qi_addons_for_elementor_animated_text.default\">\n\t\t\t\t<div class=\"elementor-widget-container\">\n\t\t\t\t\t<div class=\"qodef-shortcode qodef-m qodef-qi-animated-text qodef--animated-by-letter qodef--alignment-left qodef-qi--has-appear qodef--appear-fade\" >\n\t\t<h1 class=\"qodef-m-title\">\n\t\t<span class=\"qodef-e-word-holder\">Blog<\/span>\t<\/h1>\n<\/div>\n\t\t\t\t<\/div>\n\t\t\t\t<\/div>\n\t\t\t\t<\/div>\n\t\t<div class=\"elementor-element elementor-element-5c4f386 e-con-full e-flex e-con e-child\" data-id=\"5c4f386\" data-element_type=\"container\" data-e-type=\"container\">\n\t\t\t\t<div class=\"elementor-element elementor-element-7f1a499 animated-slow elementor-invisible elementor-widget elementor-widget-heading\" data-id=\"7f1a499\" data-element_type=\"widget\" data-e-type=\"widget\" data-settings=\"{&quot;_animation&quot;:&quot;fadeIn&quot;}\" data-widget_type=\"heading.default\">\n\t\t\t\t\t<p class=\"elementor-heading-title elementor-size-default\">Apprenez-en plus sur nous.<\/p>\t\t\t\t<\/div>\n\t\t\t\t<\/div>\n\t\t\t\t\t<\/div>\n\t\t\t\t<\/div>\n\t\t<div class=\"elementor-element elementor-element-6db3066 e-flex e-con-boxed e-con e-parent\" data-id=\"6db3066\" data-element_type=\"container\" data-e-type=\"container\">\n\t\t\t\t\t<div class=\"e-con-inner\">\n\t\t\t\t<div class=\"elementor-element elementor-element-a804cb8 elementor-widget elementor-widget-spacer\" data-id=\"a804cb8\" data-element_type=\"widget\" data-e-type=\"widget\" data-widget_type=\"spacer.default\">\n\t\t\t\t\t\t\t<div class=\"elementor-spacer\">\n\t\t\t<div class=\"elementor-spacer-inner\"><\/div>\n\t\t<\/div>\n\t\t\t\t\t\t<\/div>\n\t\t\t\t\t<\/div>\n\t\t\t\t<\/div>\n\t\t<div class=\"elementor-element elementor-element-0cdcf58 e-flex e-con-boxed e-con e-parent\" data-id=\"0cdcf58\" data-element_type=\"container\" data-e-type=\"container\">\n\t\t\t\t\t<div class=\"e-con-inner\">\n\t\t\t\t<div class=\"elementor-element elementor-element-c6e68b1 elementor-widget elementor-widget-shortcode\" data-id=\"c6e68b1\" data-element_type=\"widget\" data-e-type=\"widget\" data-widget_type=\"shortcode.default\">\n\t\t\t\t\t\t\t<div class=\"elementor-shortcode\">\n\t\t<div class=\"row\">\n\t\t\n\t\t\t<div class=\"col-12 col-md-6 mb-4\">\n\t\t\t\t<div class=\"h-100 d-flex align-items-center justify-content-center\">\n        <div class=\"h-100 card shadow-sm card-custom\">\n            <div class=\"position-relative\">\n                <img decoding=\"async\" src=\"https:\/\/app.gecam.ma\/storage\/uploads\/news\/1768217465_slider6.jpg\" class=\"card-img-top card-img-custom\" alt=\"Office workspace\">\n            <\/div>\n\n            <div class=\"card-body p-4\">\n                <h5 class=\"card-title fw-bold mb-3 d-flex align-items-center justify-content-between card-title-custom\">\n\t\t\t\t\t<a >\n                    01 mars : Nouvelle usine\n\t\t\t\t\t<\/a>\n                    <svg width=\"20\" height=\"20\" viewbox=\"0 0 24 24\" fill=\"none\" stroke=\"currentColor\" stroke-width=\"2\" stroke-linecap=\"round\" stroke-linejoin=\"round\" class=\"arrow-icon\">\n                        <line x1=\"7\" y1=\"17\" x2=\"17\" y2=\"7\"><\/line>\n                        <polyline points=\"7 7 17 7 17 17\"><\/polyline>\n                    <\/svg>\n                <\/h5>\n\n                <p class=\"card-text mb-4 card-text-custom\">\n                    Nouvelle unit\u00e9 de production de 3000 m2 dans la zone industrielle de Berrechid qui augmente notre capacit\u00e9 de production \u00e0 2 millions de produits par mois&nbsp;\n                <\/p>\n\n                <div class=\"d-flex align-items-center\">\n                    <img decoding=\"async\" src=\"https:\/\/app.gecam.ma\/storage\/uploads\/members\/1760783519_wceo.jpg\" width=\"50\" alt=\"Admin\" class=\"rounded-circle me-3\">\n                    <div>\n                        <div class=\"fw-semibold author-name\">Administrateur<\/div>\n                        <div class=\"author-date\">2026-01-12<\/div>\n                    <\/div>\n                <\/div>\n            <\/div>\n        <\/div>\n    <\/div>\n\t\t\n\t\t\t<\/div>\n\t\t\t\n\t\t\t<div class=\"col-12 col-md-6 mb-4\">\n\t\t\t\t<div class=\"h-100 d-flex align-items-center justify-content-center\">\n        <div class=\"h-100 card shadow-sm card-custom\">\n            <div class=\"position-relative\">\n                <img decoding=\"async\" src=\"https:\/\/app.gecam.ma\/storage\/uploads\/news\/1768217573_iatff.jpg\" class=\"card-img-top card-img-custom\" alt=\"Office workspace\">\n            <\/div>\n\n            <div class=\"card-body p-4\">\n                <h5 class=\"card-title fw-bold mb-3 d-flex align-items-center justify-content-between card-title-custom\">\n\t\t\t\t\t<a >\n                    25 mars : Nouveau certificat\n\t\t\t\t\t<\/a>\n                    <svg width=\"20\" height=\"20\" viewbox=\"0 0 24 24\" fill=\"none\" stroke=\"currentColor\" stroke-width=\"2\" stroke-linecap=\"round\" stroke-linejoin=\"round\" class=\"arrow-icon\">\n                        <line x1=\"7\" y1=\"17\" x2=\"17\" y2=\"7\"><\/line>\n                        <polyline points=\"7 7 17 7 17 17\"><\/polyline>\n                    <\/svg>\n                <\/h5>\n\n                <p class=\"card-text mb-4 card-text-custom\">\n                    Gecam a obtenu un CERTIFICAT IATF 16494 V 2016.\n                <\/p>\n\n                <div class=\"d-flex align-items-center\">\n                    <img decoding=\"async\" src=\"https:\/\/app.gecam.ma\/storage\/uploads\/members\/1760783519_wceo.jpg\" width=\"50\" alt=\"Admin\" class=\"rounded-circle me-3\">\n                    <div>\n                        <div class=\"fw-semibold author-name\">Administrateur<\/div>\n                        <div class=\"author-date\">2026-01-12<\/div>\n                    <\/div>\n                <\/div>\n            <\/div>\n        <\/div>\n    <\/div>\n\t\t\n\t\t\t<\/div>\n\t\t\t<\/div><\/div>\n\t\t\t\t\t\t<\/div>\n\t\t\t\t\t<\/div>\n\t\t\t\t<\/div>\n\t\t<div class=\"elementor-element elementor-element-dd2e652 e-flex e-con-boxed e-con e-parent\" data-id=\"dd2e652\" data-element_type=\"container\" data-e-type=\"container\" data-settings=\"{&quot;background_background&quot;:&quot;classic&quot;}\">\n\t\t\t\t\t<div class=\"e-con-inner\">\n\t\t<div class=\"elementor-element elementor-element-dbbee68 e-con-full e-flex e-con e-child\" data-id=\"dbbee68\" data-element_type=\"container\" data-e-type=\"container\">\n\t\t<div class=\"elementor-element elementor-element-0ea7281 e-con-full e-flex e-con e-child\" data-id=\"0ea7281\" data-element_type=\"container\" data-e-type=\"container\">\n\t\t\t\t<div class=\"elementor-element elementor-element-82809ea animated-slow elementor-invisible elementor-widget elementor-widget-heading\" data-id=\"82809ea\" data-element_type=\"widget\" data-e-type=\"widget\" data-settings=\"{&quot;_animation&quot;:&quot;fadeIn&quot;}\" data-widget_type=\"heading.default\">\n\t\t\t\t\t<p class=\"elementor-heading-title elementor-size-default\">GECAM SARL<\/p>\t\t\t\t<\/div>\n\t\t\t\t<div class=\"elementor-element elementor-element-98c5d22 animated-slow elementor-invisible elementor-widget elementor-widget-heading\" data-id=\"98c5d22\" data-element_type=\"widget\" data-e-type=\"widget\" data-settings=\"{&quot;_animation&quot;:&quot;fadeIn&quot;}\" data-widget_type=\"heading.default\">\n\t\t\t\t\t<p class=\"elementor-heading-title elementor-size-default\">GECAM est une entreprise manufacturi\u00e8re mondiale diversifi\u00e9e qui allie technologie et ing\u00e9nierie.\n\nSa mission est de fournir des produits polym\u00e8res de la plus haute qualit\u00e9 et d'entretenir des relations durables avec ses clients.<\/p>\t\t\t\t<\/div>\n\t\t\t\t<\/div>\n\t\t<div class=\"elementor-element elementor-element-ba66034 e-con-full e-flex e-con e-child\" data-id=\"ba66034\" data-element_type=\"container\" data-e-type=\"container\">\n\t\t\t\t<div class=\"elementor-element elementor-element-f14365a animated-slow elementor-invisible elementor-widget elementor-widget-heading\" data-id=\"f14365a\" data-element_type=\"widget\" data-e-type=\"widget\" data-settings=\"{&quot;_animation&quot;:&quot;fadeIn&quot;}\" data-widget_type=\"heading.default\">\n\t\t\t\t\t<p class=\"elementor-heading-title elementor-size-default\">Bureaux principaux<\/p>\t\t\t\t<\/div>\n\t\t\t\t<div class=\"elementor-element elementor-element-22b9dad animated-slow elementor-invisible elementor-widget elementor-widget-heading\" data-id=\"22b9dad\" data-element_type=\"widget\" data-e-type=\"widget\" data-settings=\"{&quot;_animation&quot;:&quot;fadeIn&quot;}\" data-widget_type=\"heading.default\">\n\t\t\t\t\t<p class=\"elementor-heading-title elementor-size-default\">Adresse N1 : Zone industrielle, Berrachid, Maroc, 50000<\/p>\t\t\t\t<\/div>\n\t\t\t\t<div class=\"elementor-element elementor-element-0c44f1b animated-slow elementor-invisible elementor-widget elementor-widget-heading\" data-id=\"0c44f1b\" data-element_type=\"widget\" data-e-type=\"widget\" data-settings=\"{&quot;_animation&quot;:&quot;fadeIn&quot;}\" data-widget_type=\"heading.default\">\n\t\t\t\t\t<p class=\"elementor-heading-title elementor-size-default\">Adresse N2 : Tassila, Agadir, Maroc, 80000<\/p>\t\t\t\t<\/div>\n\t\t\t\t<div class=\"elementor-element elementor-element-56a198f animated-slow elementor-invisible elementor-widget elementor-widget-heading\" data-id=\"56a198f\" data-element_type=\"widget\" data-e-type=\"widget\" data-settings=\"{&quot;_animation&quot;:&quot;fadeIn&quot;}\" data-widget_type=\"heading.default\">\n\t\t\t\t\t<p class=\"elementor-heading-title elementor-size-default\"><a href=\"tel:+2126600000009\">T\u00e9l\u00e9phone : (212) 600000009<\/a><\/p>\t\t\t\t<\/div>\n\t\t\t\t<div class=\"elementor-element elementor-element-37fefed animated-slow elementor-invisible elementor-widget elementor-widget-heading\" data-id=\"37fefed\" data-element_type=\"widget\" data-e-type=\"widget\" data-settings=\"{&quot;_animation&quot;:&quot;fadeIn&quot;}\" data-widget_type=\"heading.default\">\n\t\t\t\t\t<p class=\"elementor-heading-title elementor-size-default\"><a href=\"#\">Courriel : info@gecam.ma<\/a><\/p>\t\t\t\t<\/div>\n\t\t\t\t<\/div>\n\t\t<div class=\"elementor-element elementor-element-da0c357 e-con-full e-flex e-con e-child\" data-id=\"da0c357\" data-element_type=\"container\" data-e-type=\"container\">\n\t\t\t\t<div class=\"elementor-element elementor-element-e4fd3a1 animated-slow elementor-invisible elementor-widget elementor-widget-heading\" data-id=\"e4fd3a1\" data-element_type=\"widget\" data-e-type=\"widget\" data-settings=\"{&quot;_animation&quot;:&quot;fadeIn&quot;}\" data-widget_type=\"heading.default\">\n\t\t\t\t\t<p class=\"elementor-heading-title elementor-size-default\">Liens Utiles<\/p>\t\t\t\t<\/div>\n\t\t\t\t<div class=\"elementor-element elementor-element-6b129aa animated-slow elementor-invisible elementor-widget elementor-widget-heading\" data-id=\"6b129aa\" data-element_type=\"widget\" data-e-type=\"widget\" data-settings=\"{&quot;_animation&quot;:&quot;fadeIn&quot;}\" data-widget_type=\"heading.default\">\n\t\t\t\t\t<p class=\"elementor-heading-title elementor-size-default\"><a href=\"https:\/\/gecam.ma\/services\/\" target=\"_blank\">Services<\/a><\/p>\t\t\t\t<\/div>\n\t\t\t\t<div class=\"elementor-element elementor-element-ed0bacc animated-slow elementor-invisible elementor-widget elementor-widget-heading\" data-id=\"ed0bacc\" data-element_type=\"widget\" data-e-type=\"widget\" data-settings=\"{&quot;_animation&quot;:&quot;fadeIn&quot;}\" data-widget_type=\"heading.default\">\n\t\t\t\t\t<p class=\"elementor-heading-title elementor-size-default\"><a href=\"https:\/\/gecam.ma\/sectors\/\" target=\"_blank\">Secteurs<\/a><\/p>\t\t\t\t<\/div>\n\t\t\t\t<div class=\"elementor-element elementor-element-57b197a animated-slow elementor-invisible elementor-widget elementor-widget-heading\" data-id=\"57b197a\" data-element_type=\"widget\" data-e-type=\"widget\" data-settings=\"{&quot;_animation&quot;:&quot;fadeIn&quot;}\" data-widget_type=\"heading.default\">\n\t\t\t\t\t<p class=\"elementor-heading-title elementor-size-default\"><a href=\"https:\/\/gecam.ma\/products\/\" target=\"_blank\">Produits<\/a><\/p>\t\t\t\t<\/div>\n\t\t\t\t<div class=\"elementor-element elementor-element-aaa8b62 animated-slow elementor-invisible elementor-widget elementor-widget-heading\" data-id=\"aaa8b62\" data-element_type=\"widget\" data-e-type=\"widget\" data-settings=\"{&quot;_animation&quot;:&quot;fadeIn&quot;}\" data-widget_type=\"heading.default\">\n\t\t\t\t\t<p class=\"elementor-heading-title elementor-size-default\"><a href=\"https:\/\/gecam.ma\/contact\/\" target=\"_blank\">Contact<\/a><\/p>\t\t\t\t<\/div>\n\t\t\t\t<\/div>\n\t\t\t\t<\/div>\n\t\t\t\t\t<\/div>\n\t\t\t\t<\/div>\n\t\t\t\t<\/div>","protected":false},"excerpt":{"rendered":"<p>Built Strong. Built Right. Blog Get to know more about us. GECAM SARL GECAM is a diversified global manufacturing company that brings technology and engineering together. its mission is to provide the highest-quality polymer products, and maintain long-term relationships with our customers. Main Offices Address N1 : Zone industrielle, Berrachid, Maroc, 50000 Address N2 : Tassila, Agadir, Maroc, 80000 Phone: (212) 600000009 Email: info@gecam.ma Useful&#8230; <\/p>\n<p class=\"more\"><a class=\"more-link\" href=\"http:\/\/gecam.co.ma\/fr\/blog\/\">Lire la suite<\/a><\/p>","protected":false},"author":1,"featured_media":0,"parent":0,"menu_order":0,"comment_status":"closed","ping_status":"closed","template":"elementor_header_footer","meta":{"inline_featured_image":false,"footnotes":""},"class_list":["post-19963","page","type-page","status-publish","hentry","is-cat-link-borders-light is-cat-link-rounded"],"_links":{"self":[{"href":"http:\/\/gecam.co.ma\/fr\/wp-json\/wp\/v2\/pages\/19963","targetHints":{"allow":["GET"]}}],"collection":[{"href":"http:\/\/gecam.co.ma\/fr\/wp-json\/wp\/v2\/pages"}],"about":[{"href":"http:\/\/gecam.co.ma\/fr\/wp-json\/wp\/v2\/types\/page"}],"author":[{"embeddable":true,"href":"http:\/\/gecam.co.ma\/fr\/wp-json\/wp\/v2\/users\/1"}],"replies":[{"embeddable":true,"href":"http:\/\/gecam.co.ma\/fr\/wp-json\/wp\/v2\/comments?post=19963"}],"version-history":[{"count":22,"href":"http:\/\/gecam.co.ma\/fr\/wp-json\/wp\/v2\/pages\/19963\/revisions"}],"predecessor-version":[{"id":20404,"href":"http:\/\/gecam.co.ma\/fr\/wp-json\/wp\/v2\/pages\/19963\/revisions\/20404"}],"wp:attachment":[{"href":"http:\/\/gecam.co.ma\/fr\/wp-json\/wp\/v2\/media?parent=19963"}],"curies":[{"name":"wp","href":"https:\/\/api.w.org\/{rel}","templated":true}]}}