{"id":20193,"date":"2026-03-14T13:09:42","date_gmt":"2026-03-14T13:09:42","guid":{"rendered":"https:\/\/www.beta.gecam.ma\/?page_id=20193"},"modified":"2026-04-09T13:48:14","modified_gmt":"2026-04-09T13:48:14","slug":"quality-and-logistics","status":"publish","type":"page","link":"http:\/\/gecam.co.ma\/fr\/quality-and-logistics\/","title":{"rendered":"Qualit\u00e9 et logistique"},"content":{"rendered":"<div data-elementor-type=\"wp-page\" data-elementor-id=\"20193\" class=\"elementor elementor-20193\">\n\t\t\t\t<div class=\"elementor-element elementor-element-19e46ad e-flex e-con-boxed e-con e-parent\" data-id=\"19e46ad\" data-element_type=\"container\" data-e-type=\"container\" data-settings=\"{&quot;background_background&quot;:&quot;classic&quot;}\">\n\t\t\t\t\t<div class=\"e-con-inner\">\n\t\t<div class=\"elementor-element elementor-element-68d6a82 e-con-full e-flex e-con e-child\" data-id=\"68d6a82\" data-element_type=\"container\" data-e-type=\"container\">\n\t\t\t\t<div class=\"elementor-element elementor-element-0505c6e elementor-widget elementor-widget-qi_addons_for_elementor_section_title\" data-id=\"0505c6e\" data-element_type=\"widget\" data-e-type=\"widget\" data-widget_type=\"qi_addons_for_elementor_section_title.default\">\n\t\t\t\t<div class=\"elementor-widget-container\">\n\t\t\t\t\t<div class=\"qodef-shortcode qodef-m qodef-qi-section-title qodef-decoration--italic qodef-link--underline-draw qodef-subtitle-icon--left\">\n\t\t\t\t<h5 class=\"qodef-m-subtitle\">\n\t\tConstruit solidement. Construit correctement.\t\t\t<div class=\"qodef-m-icon-holder\">\n\t\t<svg xmlns=\"http:\/\/www.w3.org\/2000\/svg\" height=\"24\" viewbox=\"0 0 24 24\" width=\"24\"><path d=\"M12 2C6.486 2 2 6.486 2 12s4.486 10 10 10 10-4.486 10-10S17.514 2 12 2z\"><\/path><\/svg>\t<\/div>\n\t<\/h5>\n\t\t\t\t\t<\/div>\n\t\t\t\t<\/div>\n\t\t\t\t<\/div>\n\t\t\t\t<div class=\"elementor-element elementor-element-c2665ed elementor-invisible elementor-widget elementor-widget-qi_addons_for_elementor_animated_text\" data-id=\"c2665ed\" data-element_type=\"widget\" data-e-type=\"widget\" data-settings=\"{&quot;_animation&quot;:&quot;fadeIn&quot;}\" data-widget_type=\"qi_addons_for_elementor_animated_text.default\">\n\t\t\t\t<div class=\"elementor-widget-container\">\n\t\t\t\t\t<div class=\"qodef-shortcode qodef-m qodef-qi-animated-text qodef--animated-by-letter qodef--alignment-left qodef-qi--has-appear qodef--appear-fade\" >\n\t\t<h1 class=\"qodef-m-title\">\n\t\t<span class=\"qodef-e-word-holder\">Qualit\u00e9<\/span> <span class=\"qodef-e-word-holder\">et<\/span> <span class=\"qodef-e-word-holder\">Logistique<\/span>\t<\/h1>\n<\/div>\n\t\t\t\t<\/div>\n\t\t\t\t<\/div>\n\t\t\t\t<\/div>\n\t\t<div class=\"elementor-element elementor-element-540b018 e-con-full e-flex e-con e-child\" data-id=\"540b018\" data-element_type=\"container\" data-e-type=\"container\">\n\t\t\t\t<div class=\"elementor-element elementor-element-d94ecc9 animated-slow elementor-invisible elementor-widget elementor-widget-heading\" data-id=\"d94ecc9\" data-element_type=\"widget\" data-e-type=\"widget\" data-settings=\"{&quot;_animation&quot;:&quot;fadeIn&quot;}\" data-widget_type=\"heading.default\">\n\t\t\t\t\t<p class=\"elementor-heading-title elementor-size-default translation-block\">Parlons-en<\/p>\t\t\t\t<\/div>\n\t\t\t\t<\/div>\n\t\t\t\t\t<\/div>\n\t\t\t\t<\/div>\n\t\t<div class=\"elementor-element elementor-element-2121340 e-flex e-con-boxed e-con e-parent\" data-id=\"2121340\" data-element_type=\"container\" data-e-type=\"container\" data-settings=\"{&quot;background_background&quot;:&quot;classic&quot;,&quot;animation&quot;:&quot;none&quot;}\">\n\t\t\t\t\t<div class=\"e-con-inner\">\n\t\t<div class=\"elementor-element elementor-element-1b0d1c7 e-con-full e-flex e-con e-child\" data-id=\"1b0d1c7\" data-element_type=\"container\" data-e-type=\"container\">\n\t\t\t\t<div class=\"elementor-element elementor-element-a79cdf3 elementor-widget elementor-widget-qi_addons_for_elementor_section_title\" data-id=\"a79cdf3\" data-element_type=\"widget\" data-e-type=\"widget\" data-widget_type=\"qi_addons_for_elementor_section_title.default\">\n\t\t\t\t<div class=\"elementor-widget-container\">\n\t\t\t\t\t<div class=\"qodef-shortcode qodef-m qodef-qi-section-title qodef-decoration--italic qodef-link--underline-draw qodef-subtitle-icon--left\">\n\t\t\t\t<h5 class=\"qodef-m-subtitle\">\n\t\tQualit\u00e9 et logistique\t\t\t<div class=\"qodef-m-icon-holder\">\n\t\t<svg xmlns=\"http:\/\/www.w3.org\/2000\/svg\" height=\"24\" viewbox=\"0 0 24 24\" width=\"24\"><path d=\"M12 2C6.486 2 2 6.486 2 12s4.486 10 10 10 10-4.486 10-10S17.514 2 12 2z\"><\/path><\/svg>\t<\/div>\n\t<\/h5>\n\t\t\t\t\t<\/div>\n\t\t\t\t<\/div>\n\t\t\t\t<\/div>\n\t\t\t\t<div class=\"elementor-element elementor-element-d7b828d elementor-invisible elementor-widget elementor-widget-qi_addons_for_elementor_animated_text\" data-id=\"d7b828d\" data-element_type=\"widget\" data-e-type=\"widget\" data-settings=\"{&quot;_animation&quot;:&quot;fadeIn&quot;}\" data-widget_type=\"qi_addons_for_elementor_animated_text.default\">\n\t\t\t\t<div class=\"elementor-widget-container\">\n\t\t\t\t\t<div class=\"qodef-shortcode qodef-m qodef-qi-animated-text qodef--animated-by-letter qodef--alignment-left qodef-qi--has-appear qodef--appear-fade\" data-appear-delay=\"100\">\n\t\t<h1 class=\"qodef-m-title translation-block\"><span class=\"qodef-e-word-holder\">\n  <span class=\"qodef-e-character\">D<\/span>\n  <span class=\"qodef-e-character\">e<\/span>\n  <span class=\"qodef-e-character\">s<\/span>\n<\/span> \n\n<span class=\"qodef-e-word-holder\">\n  <span class=\"qodef-e-character\">s<\/span>\n  <span class=\"qodef-e-character\">o<\/span>\n  <span class=\"qodef-e-character\">l<\/span>\n  <span class=\"qodef-e-character\">u<\/span>\n  <span class=\"qodef-e-character\">t<\/span>\n  <span class=\"qodef-e-character\">i<\/span>\n  <span class=\"qodef-e-character\">o<\/span>\n  <span class=\"qodef-e-character\">n<\/span>\n  <span class=\"qodef-e-character\">s<\/span>\n<\/span> \n\n<span class=\"qodef-e-word-holder\">\n  <span class=\"qodef-e-character\">r<\/span>\n  <span class=\"qodef-e-character\">o<\/span>\n  <span class=\"qodef-e-character\">b<\/span>\n  <span class=\"qodef-e-character\">u<\/span>\n  <span class=\"qodef-e-character\">s<\/span>\n  <span class=\"qodef-e-character\">t<\/span>\n  <span class=\"qodef-e-character\">e<\/span>\n  <span class=\"qodef-e-character\">s<\/span>\n<\/span> \n\n<span class=\"qodef-e-word-holder\">\n  <span class=\"qodef-e-character\">p<\/span>\n  <span class=\"qodef-e-character\">o<\/span>\n  <span class=\"qodef-e-character\">u<\/span>\n  <span class=\"qodef-e-character\">r<\/span>\n<\/span> \n\n<span class=\"qodef-e-word-holder\">\n  <span class=\"qodef-e-character\">d<\/span>\n  <span class=\"qodef-e-character\">e<\/span>\n  <span class=\"qodef-e-character\">s<\/span>\n<\/span> \n\n<span class=\"qodef-e-word-holder\">\n  <span class=\"qodef-e-character\">e<\/span>\n  <span class=\"qodef-e-character\">n<\/span>\n  <span class=\"qodef-e-character\">v<\/span>\n  <span class=\"qodef-e-character\">i<\/span>\n  <span class=\"qodef-e-character\">r<\/span>\n  <span class=\"qodef-e-character\">o<\/span>\n  <span class=\"qodef-e-character\">n<\/span>\n  <span class=\"qodef-e-character\">n<\/span>\n  <span class=\"qodef-e-character\">e<\/span>\n  <span class=\"qodef-e-character\">m<\/span>\n  <span class=\"qodef-e-character\">e<\/span>\n  <span class=\"qodef-e-character\">n<\/span>\n  <span class=\"qodef-e-character\">t<\/span>\n  <span class=\"qodef-e-character\">s<\/span>\n<\/span> \n\n<span class=\"qodef-e-word-holder\">\n  <span class=\"qodef-e-character\">d<\/span>\n  <span class=\"qodef-e-character\">i<\/span>\n  <span class=\"qodef-e-character\">f<\/span>\n  <span class=\"qodef-e-character\">f<\/span>\n  <span class=\"qodef-e-character\">i<\/span>\n  <span class=\"qodef-e-character\">c<\/span>\n  <span class=\"qodef-e-character\">i<\/span>\n  <span class=\"qodef-e-character\">l<\/span>\n  <span class=\"qodef-e-character\">e<\/span>\n  <span class=\"qodef-e-character\">s<\/span>\n<\/span><\/h1>\n<\/div>\n\t\t\t\t<\/div>\n\t\t\t\t<\/div>\n\t\t\t\t<\/div>\n\t\t<div class=\"elementor-element elementor-element-9ffee7d e-con-full e-flex e-con e-child\" data-id=\"9ffee7d\" data-element_type=\"container\" data-e-type=\"container\">\n\t\t\t\t<div class=\"elementor-element elementor-element-ed39694 elementor-widget elementor-widget-qi_addons_for_elementor_button\" data-id=\"ed39694\" data-element_type=\"widget\" data-e-type=\"widget\" data-widget_type=\"qi_addons_for_elementor_button.default\">\n\t\t\t\t<div class=\"elementor-widget-container\">\n\t\t\t\t\t<a class=\"qodef-shortcode qodef-m qodef-qi-button qodef-html--link qodef-layout--textual qodef-icon--right qodef-hover--icon-move-horizontal-short\" href=\"https:\/\/gecam.ma\/about-us\/\" target=\"_self\">\n\t<span class=\"qodef-m-text\">Voir \u00c0 propos de nous<\/span>\n\t\t<span class=\"qodef-m-icon\">\n\t\t<span class=\"qodef-m-icon-inner\">\n\t\t\t<svg xmlns=\"http:\/\/www.w3.org\/2000\/svg\" height=\"21\" viewbox=\"0 0 21 21\" width=\"21\"><g fill=\"none\" fill-rule=\"evenodd\" stroke=\"currentColor\" stroke-linecap=\"round\" stroke-linejoin=\"round\" transform=\"translate(6 6)\"><path d=\"m8.5 7.5v-7h-7\"><\/path><path d=\"m8.5.5-8 8\"><\/path><\/g><\/svg>\t\t\t\t\t<\/span>\n\t<\/span>\n<\/a>\n\t\t\t\t<\/div>\n\t\t\t\t<\/div>\n\t\t\t\t<\/div>\n\t\t<div class=\"elementor-element elementor-element-921483c e-con-full e-flex e-con e-child\" data-id=\"921483c\" data-element_type=\"container\" data-e-type=\"container\">\n\t\t<div class=\"elementor-element elementor-element-dc83bd4 e-con-full e-flex e-con e-child\" data-id=\"dc83bd4\" data-element_type=\"container\" data-e-type=\"container\" data-settings=\"{&quot;background_background&quot;:&quot;classic&quot;}\">\n\t\t\t\t<\/div>\n\t\t<div class=\"elementor-element elementor-element-14158cb e-con-full e-flex e-con e-child\" data-id=\"14158cb\" data-element_type=\"container\" data-e-type=\"container\">\n\t\t\t\t<div class=\"elementor-element elementor-element-cba9360 animated-slow elementor-invisible elementor-widget elementor-widget-qi_addons_for_elementor_tabs_horizontal\" data-id=\"cba9360\" data-element_type=\"widget\" data-e-type=\"widget\" data-settings=\"{&quot;_animation&quot;:&quot;fadeIn&quot;}\" data-widget_type=\"qi_addons_for_elementor_tabs_horizontal.default\">\n\t\t\t\t<div class=\"elementor-widget-container\">\n\t\t\t\t\t<div class=\"qodef-shortcode qodef-m qodef-qi-tabs-horizontal qodef-qi-clear qodef-layout--simple qodef-title-hover--underline-draw qodef-title-underline-from-left\">\n\t<ul class=\"qodef-tabs-horizontal-navigation\">\n\t\t<li>\n\t<h3 class=\"qodef-tab-title\" role=\"tab\">\n\t\t<a href=\"#qodef-tab-de6d4f0\">\n\t\t\t<span class=\"q-text\">\n\t\t\t\tGarantir un niveau de satisfaction de la client\u00e8le constamment proche de 100%.\t\t\t<\/span>\n\t\t<\/a>\n\t<\/h3>\n<\/li>\n\t<\/ul>\n\t<div class=\"qodef-tabs-horizontal-content\" id=\"qodef-tab-de6d4f0\">\n\t<p>Chez Gecam, nous \u00e9valuons en permanence la qualit\u00e9 de nos composants et l'efficacit\u00e9 de notre logistique \u00e0 l'aide d'indicateurs de performance OTD et PPM. Nos \u00e9valuations de performance sont suivies de pr\u00e8s, car elles constituent une mesure importante de la satisfaction des clients. Pour garantir des normes \u00e9lev\u00e9es, Gecam suit une approche d'am\u00e9lioration continue visant \u00e0 renforcer le soutien \u00e0 la client\u00e8le et \u00e0 optimiser la fourniture de pi\u00e8ces en plastique, caoutchouc et LSR, y compris les composants assembl\u00e9s ou surmoul\u00e9s plus complexes.<\/p><\/div>\n<\/div>\n\t\t\t\t<\/div>\n\t\t\t\t<\/div>\n\t\t\t\t<\/div>\n\t\t\t\t<\/div>\n\t\t\t\t\t<\/div>\n\t\t\t\t<\/div>\n\t\t<div class=\"elementor-element elementor-element-8a8fa81 e-flex e-con-boxed e-con e-parent\" data-id=\"8a8fa81\" data-element_type=\"container\" data-e-type=\"container\">\n\t\t\t\t\t<div class=\"e-con-inner\">\n\t\t\t\t<div class=\"elementor-element elementor-element-a499a7b elementor-widget__width-initial elementor-widget elementor-widget-qi_addons_for_elementor_section_title\" data-id=\"a499a7b\" data-element_type=\"widget\" data-e-type=\"widget\" data-widget_type=\"qi_addons_for_elementor_section_title.default\">\n\t\t\t\t<div class=\"elementor-widget-container\">\n\t\t\t\t\t<div class=\"qodef-shortcode qodef-m qodef-qi-section-title qodef-decoration--italic qodef-link--underline-draw qodef-subtitle-icon--left\">\n\t\t\t\t<h5 class=\"qodef-m-subtitle\">\n\t\tSyst\u00e8mes de gestion\t\t\t<\/h5>\n\t\t\t\t\t<div class=\"qodef-m-text\"><ul class=\"cert\"><li>Int\u00e9gration EDI pour les programmes des clients<\/li><li>Traitement et gestion des messages EDI<\/li><li>Gestion des stocks bas\u00e9e sur la m\u00e9thode FIFO<\/li><li>Syst\u00e8me de livraison juste \u00e0 temps (JIT) \ud83d\ude9a<\/li><\/ul><\/div>\n\t<\/div>\n\t\t\t\t<\/div>\n\t\t\t\t<\/div>\n\t\t\t\t<div class=\"elementor-element elementor-element-abbe2dd elementor-widget__width-initial elementor-widget elementor-widget-qi_addons_for_elementor_section_title\" data-id=\"abbe2dd\" data-element_type=\"widget\" data-e-type=\"widget\" data-widget_type=\"qi_addons_for_elementor_section_title.default\">\n\t\t\t\t<div class=\"elementor-widget-container\">\n\t\t\t\t\t<div class=\"qodef-shortcode qodef-m qodef-qi-section-title qodef-decoration--italic qodef-link--underline-draw qodef-subtitle-icon--left\">\n\t\t\t\t<h5 class=\"qodef-m-subtitle\">\n\t\tCertifications\t\t\t<\/h5>\n\t\t\t\t\t<div class=\"qodef-m-text\"><div id=\"certs\"><ul class='d-flex flex-row'>\n    <li style='list-style:none;'>\n        <img src='https:\/\/app.gecam.ma' \/>\n    <\/li>\n\n    <li style='list-style:none;'>\n        <img src='https:\/\/app.gecam.ma' \/>\n    <\/li>\n\n    <li style='list-style:none;'>\n        <img src='https:\/\/app.gecam.ma' \/>\n    <\/li>\n\n    <li style='list-style:none;'>\n        <img src='https:\/\/app.gecam.ma' \/>\n    <\/li>\n<\/div><\/div>\n\t<\/div>\n\t\t\t\t<\/div>\n\t\t\t\t<\/div>\n\t\t\t\t\t<\/div>\n\t\t\t\t<\/div>\n\t\t<div class=\"elementor-element elementor-element-a891338 e-flex e-con-boxed e-con e-parent\" data-id=\"a891338\" data-element_type=\"container\" data-e-type=\"container\" data-settings=\"{&quot;background_background&quot;:&quot;classic&quot;}\">\n\t\t\t\t\t<div class=\"e-con-inner\">\n\t\t<div class=\"elementor-element elementor-element-50399c8 e-con-full e-flex e-con e-child\" data-id=\"50399c8\" data-element_type=\"container\" data-e-type=\"container\">\n\t\t<div class=\"elementor-element elementor-element-eb74442 e-con-full e-flex e-con e-child\" data-id=\"eb74442\" data-element_type=\"container\" data-e-type=\"container\">\n\t\t\t\t<div class=\"elementor-element elementor-element-b361ae1 animated-slow elementor-invisible elementor-widget elementor-widget-heading\" data-id=\"b361ae1\" data-element_type=\"widget\" data-e-type=\"widget\" data-settings=\"{&quot;_animation&quot;:&quot;fadeIn&quot;}\" data-widget_type=\"heading.default\">\n\t\t\t\t\t<p class=\"elementor-heading-title elementor-size-default\">GECAM SARL<\/p>\t\t\t\t<\/div>\n\t\t\t\t<div class=\"elementor-element elementor-element-aa508be animated-slow elementor-invisible elementor-widget elementor-widget-heading\" data-id=\"aa508be\" data-element_type=\"widget\" data-e-type=\"widget\" data-settings=\"{&quot;_animation&quot;:&quot;fadeIn&quot;}\" data-widget_type=\"heading.default\">\n\t\t\t\t\t<p class=\"elementor-heading-title elementor-size-default\">GECAM est une entreprise manufacturi\u00e8re mondiale diversifi\u00e9e qui allie technologie et ing\u00e9nierie.\n\nSa mission est de fournir des produits polym\u00e8res de la plus haute qualit\u00e9 et d'entretenir des relations durables avec ses clients.<\/p>\t\t\t\t<\/div>\n\t\t\t\t<\/div>\n\t\t<div class=\"elementor-element elementor-element-e7827f0 e-con-full e-flex e-con e-child\" data-id=\"e7827f0\" data-element_type=\"container\" data-e-type=\"container\">\n\t\t\t\t<div class=\"elementor-element elementor-element-2fdccb2 animated-slow elementor-invisible elementor-widget elementor-widget-heading\" data-id=\"2fdccb2\" data-element_type=\"widget\" data-e-type=\"widget\" data-settings=\"{&quot;_animation&quot;:&quot;fadeIn&quot;}\" data-widget_type=\"heading.default\">\n\t\t\t\t\t<p class=\"elementor-heading-title elementor-size-default\">Bureaux principaux<\/p>\t\t\t\t<\/div>\n\t\t\t\t<div class=\"elementor-element elementor-element-1a1c53a animated-slow elementor-invisible elementor-widget elementor-widget-heading\" data-id=\"1a1c53a\" data-element_type=\"widget\" data-e-type=\"widget\" data-settings=\"{&quot;_animation&quot;:&quot;fadeIn&quot;}\" data-widget_type=\"heading.default\">\n\t\t\t\t\t<p class=\"elementor-heading-title elementor-size-default\">Adresse N1 : Zone industrielle, Berrachid, Maroc, 50000<\/p>\t\t\t\t<\/div>\n\t\t\t\t<div class=\"elementor-element elementor-element-0dd5827 animated-slow elementor-invisible elementor-widget elementor-widget-heading\" data-id=\"0dd5827\" data-element_type=\"widget\" data-e-type=\"widget\" data-settings=\"{&quot;_animation&quot;:&quot;fadeIn&quot;}\" data-widget_type=\"heading.default\">\n\t\t\t\t\t<p class=\"elementor-heading-title elementor-size-default\">Adresse N2 : Tassila, Agadir, Maroc, 80000<\/p>\t\t\t\t<\/div>\n\t\t\t\t<div class=\"elementor-element elementor-element-95c0250 animated-slow elementor-invisible elementor-widget elementor-widget-heading\" data-id=\"95c0250\" data-element_type=\"widget\" data-e-type=\"widget\" data-settings=\"{&quot;_animation&quot;:&quot;fadeIn&quot;}\" data-widget_type=\"heading.default\">\n\t\t\t\t\t<p class=\"elementor-heading-title elementor-size-default\"><a href=\"tel:+2126600000009\">T\u00e9l\u00e9phone : (212) 600000009<\/a><\/p>\t\t\t\t<\/div>\n\t\t\t\t<div class=\"elementor-element elementor-element-8621463 animated-slow elementor-invisible elementor-widget elementor-widget-heading\" data-id=\"8621463\" data-element_type=\"widget\" data-e-type=\"widget\" data-settings=\"{&quot;_animation&quot;:&quot;fadeIn&quot;}\" data-widget_type=\"heading.default\">\n\t\t\t\t\t<p class=\"elementor-heading-title elementor-size-default\"><a href=\"#\">Courriel : info@gecam.ma<\/a><\/p>\t\t\t\t<\/div>\n\t\t\t\t<\/div>\n\t\t<div class=\"elementor-element elementor-element-040cea2 e-con-full e-flex e-con e-child\" data-id=\"040cea2\" data-element_type=\"container\" data-e-type=\"container\">\n\t\t\t\t<div class=\"elementor-element elementor-element-faab1cf animated-slow elementor-invisible elementor-widget elementor-widget-heading\" data-id=\"faab1cf\" data-element_type=\"widget\" data-e-type=\"widget\" data-settings=\"{&quot;_animation&quot;:&quot;fadeIn&quot;}\" data-widget_type=\"heading.default\">\n\t\t\t\t\t<p class=\"elementor-heading-title elementor-size-default\">Liens Utiles<\/p>\t\t\t\t<\/div>\n\t\t\t\t<div class=\"elementor-element elementor-element-069ff7f animated-slow elementor-invisible elementor-widget elementor-widget-heading\" data-id=\"069ff7f\" data-element_type=\"widget\" data-e-type=\"widget\" data-settings=\"{&quot;_animation&quot;:&quot;fadeIn&quot;}\" data-widget_type=\"heading.default\">\n\t\t\t\t\t<p class=\"elementor-heading-title elementor-size-default\"><a href=\"https:\/\/gecam.ma\/services\/\" target=\"_blank\">Services<\/a><\/p>\t\t\t\t<\/div>\n\t\t\t\t<div class=\"elementor-element elementor-element-873762f animated-slow elementor-invisible elementor-widget elementor-widget-heading\" data-id=\"873762f\" data-element_type=\"widget\" data-e-type=\"widget\" data-settings=\"{&quot;_animation&quot;:&quot;fadeIn&quot;}\" data-widget_type=\"heading.default\">\n\t\t\t\t\t<p class=\"elementor-heading-title elementor-size-default\"><a href=\"https:\/\/gecam.ma\/sectors\/\" target=\"_blank\">Secteurs<\/a><\/p>\t\t\t\t<\/div>\n\t\t\t\t<div class=\"elementor-element elementor-element-fa890cf animated-slow elementor-invisible elementor-widget elementor-widget-heading\" data-id=\"fa890cf\" data-element_type=\"widget\" data-e-type=\"widget\" data-settings=\"{&quot;_animation&quot;:&quot;fadeIn&quot;}\" data-widget_type=\"heading.default\">\n\t\t\t\t\t<p class=\"elementor-heading-title elementor-size-default\"><a href=\"https:\/\/gecam.ma\/products\/\" target=\"_blank\">Produits<\/a><\/p>\t\t\t\t<\/div>\n\t\t\t\t<div class=\"elementor-element elementor-element-8f72a7e animated-slow elementor-invisible elementor-widget elementor-widget-heading\" data-id=\"8f72a7e\" data-element_type=\"widget\" data-e-type=\"widget\" data-settings=\"{&quot;_animation&quot;:&quot;fadeIn&quot;}\" data-widget_type=\"heading.default\">\n\t\t\t\t\t<p class=\"elementor-heading-title elementor-size-default\"><a href=\"https:\/\/gecam.ma\/contact\/\" target=\"_blank\">Contact<\/a><\/p>\t\t\t\t<\/div>\n\t\t\t\t<\/div>\n\t\t\t\t<\/div>\n\t\t\t\t\t<\/div>\n\t\t\t\t<\/div>\n\t\t\t\t<\/div>","protected":false},"excerpt":{"rendered":"<p>Built Strong. Built Right. Quality and Logistics Let&#8217;s Talk Quality and Logistics Tough solutions for tough environments View About Us Ensuring a customer satisfaction level that is consistently near 100%. At Gecam, we continuously assess the quality of our components and the efficiency of our logistics using OTD and PPM performance indicators. Our performance reviews are closely monitored, as they serve as an important measure&#8230; <\/p>\n<p class=\"more\"><a class=\"more-link\" href=\"http:\/\/gecam.co.ma\/fr\/quality-and-logistics\/\">Lire la suite<\/a><\/p>","protected":false},"author":1,"featured_media":0,"parent":0,"menu_order":0,"comment_status":"closed","ping_status":"closed","template":"elementor_header_footer","meta":{"inline_featured_image":false,"footnotes":""},"class_list":["post-20193","page","type-page","status-publish","hentry","is-cat-link-borders-light is-cat-link-rounded"],"_links":{"self":[{"href":"http:\/\/gecam.co.ma\/fr\/wp-json\/wp\/v2\/pages\/20193","targetHints":{"allow":["GET"]}}],"collection":[{"href":"http:\/\/gecam.co.ma\/fr\/wp-json\/wp\/v2\/pages"}],"about":[{"href":"http:\/\/gecam.co.ma\/fr\/wp-json\/wp\/v2\/types\/page"}],"author":[{"embeddable":true,"href":"http:\/\/gecam.co.ma\/fr\/wp-json\/wp\/v2\/users\/1"}],"replies":[{"embeddable":true,"href":"http:\/\/gecam.co.ma\/fr\/wp-json\/wp\/v2\/comments?post=20193"}],"version-history":[{"count":85,"href":"http:\/\/gecam.co.ma\/fr\/wp-json\/wp\/v2\/pages\/20193\/revisions"}],"predecessor-version":[{"id":20407,"href":"http:\/\/gecam.co.ma\/fr\/wp-json\/wp\/v2\/pages\/20193\/revisions\/20407"}],"wp:attachment":[{"href":"http:\/\/gecam.co.ma\/fr\/wp-json\/wp\/v2\/media?parent=20193"}],"curies":[{"name":"wp","href":"https:\/\/api.w.org\/{rel}","templated":true}]}}